{"id":30,"date":"2024-12-05T04:45:06","date_gmt":"2024-12-05T04:45:06","guid":{"rendered":"https:\/\/duyoscuba.com\/?page_id=30"},"modified":"2026-01-08T02:31:28","modified_gmt":"2026-01-08T02:31:28","slug":"home","status":"publish","type":"page","link":"https:\/\/duyoscuba.com\/es\/","title":{"rendered":"Hogar"},"content":{"rendered":"<p>[et_pb_section fb_built=\u201d1\u2033 fullwidth=\u201don\u201d _builder_version=\u201d4.27.2\u2033 _module_preset=\u201ddefault\u201d global_colors_info=\u201d{}\u201d][et_pb_fullwidth_slider _builder_version=\u201d4.27.2\u2033 _module_preset=\u201ddefault\u201d header_font_size=\u201d75px\u201d custom_button=\u201don\u201d button_text_size=\u201d14px\u201d button_text_color=\u201d#D3AA68\u2033 button_border_width=\u201d1px\u201d button_border_color=\u201d#D3AA68\u2033 button_border_radius=\u201d0px\u201d button_letter_spacing=\u201d1px\u201d button_font=\u201dMontserrat|600||on|||||\u201d Icono de uso del bot\u00f3n = &quot;desactivado&quot; Relleno personalizado del bot\u00f3n = &quot;12 px|24 px|12 px|24 px|verdadero|verdadero&quot; Orientaci\u00f3n del texto = &quot;izquierda&quot; Ancho m\u00e1ximo del contenido = &quot;1280 px&quot; Relleno personalizado = &quot;30%|||falso|falso&quot; Relleno personalizado de la tableta = &quot;160 px|20%|160 px||verdadero|falso&quot; Relleno personalizado del tel\u00e9fono = &quot;140 px|0%|140 px||verdadero|falso&quot; \u00daltima edici\u00f3n del relleno personalizado = &quot;activado|escritorio&quot; Tama\u00f1o de fuente del encabezado de la tableta = &quot;56 px&quot; Tama\u00f1o de fuente del encabezado del tel\u00e9fono = &quot;42 px&quot; Tama\u00f1o de fuente del encabezado de la \u00faltima edici\u00f3n = &quot;activado|tel\u00e9fono&quot; Informaci\u00f3n global de colores = &quot;{}&quot; Color del texto del bot\u00f3n__hover_enabled = &quot;activado|pasar el cursor&quot; button_text_color__hover=\u201d#FFFFFF\u201d button_bg_color__hover_enabled=\u201don|hover\u201d button_bg_color__hover=\u201d#D3AA68\u2033 button_bg_enable_color__hover=\u201don\u201d][et_pb_slide heading=\u201dHumidores Duyos\u201d button_text=\u201dExplora nuestra colecci\u00f3n\u201d button_link=\u201d@ET-DC@eyJkeW5hbWljIjp0cnVlLCJjb250ZW50IjoicG9zdF9saW5rX3VybF9wYWdlIiwic2V0dGluZ3MiOnsicG9zdF9pZCI6IjYxIiwiZW5hYmxlX2h0bWwiOiJvZmYifX0=@\u201d use_bg_overlay=\u201don\u201d bg_overlay_color=\u201drgba(0,0,0,0.31)\u201d _builder_version=\u201d4.27.2\u2033 _dynamic_attributes=\u201dbutton_link\u201d _module_preset=\u201ddefault\u201d body_font=\u201dMontserrat||||||||\u201d background_color=\u201dRGBA(255,255,255,0)\u201d background_enable_color=\u201don\u201d background_image=\u201dhttps:\/\/duyoscuba.com\/wp-content\/uploads\/2025\/02\/humideros-stamped2.jpg\u201d background_enable_image=\u201don\u201d global_colors_info=\u201d{}\u201d sticky_transition=\u201don\u201d]<\/p>\n<h3><span style=\"color: #d3aa68;\">Humidores y accesorios para verdaderos conocedores<\/span><\/h3>\n<p><span style=\"font-weight: 400;\">Somos especialistas en humidores y accesorios artesanales de alta calidad. Descubra nuestra colecci\u00f3n cuidadosamente elaborada para los verdaderos amantes de los puros.<\/span><\/p>\n<p>[\/et_pb_slide][\/et_pb_fullwidth_slider][\/et_pb_section][et_pb_section fb_built=\u201d1\u2033 _builder_version=\u201d4.27.2\u2033 _module_preset=\u201dpredeterminado\u201d custom_padding=\u201d0px||0px||verdadero|falso\u201d global_colors_info=\u201d{}\u201d][et_pb_row column_structure=\u201d1_2,1_2\u2033 use_custom_gutter=\u201dactivado\u201d gutter_width=\u201d1\u2033 make_equal=\u201dactivado\u201d _builder_version=\u201d4.27.2\u2033 _module_preset=\u201dpredeterminado\u201d width=\u201d100%\u201d max_width=\u201d100%\u201d custom_padding=\u201d0px||0px||verdadero|falso\u201d Informaci\u00f3n global de colores = &quot;{}&quot;] [et_pb_column type = &quot;1_2&quot; _builder_version = &quot;4.27.2&quot; _module_preset = &quot;predeterminado&quot; Color de fondo = &quot;rgba(0,0,0,0.4)&quot; Imagen de fondo = &quot;https:\/\/duyoscuba.com\/wp-content\/uploads\/2024\/12\/humidores-bg.jpg&quot; Posici\u00f3n de fondo = &quot;centro inferior&quot; Desplazamiento vertical de fondo = &quot;43%&quot; Mezcla de fondo = &quot;superposici\u00f3n&quot; Relleno personalizado = &quot;100 px||100 px||Verdadero|Falso&quot; Estilo de animaci\u00f3n = &quot;desvanecimiento&quot; Ancho de borde = &quot;15 px&quot; Color de borde = &quot;#FFFFFF&quot; Informaci\u00f3n global de colores = &quot;{}&quot;] [et_pb_text _builder_version = &quot;4.27.2&quot; _module_preset=\u201dpredeterminado\u201d header_2_text_align=\u201dcentro\u201d header_2_text_color=\u201d#FFFFFF\u201d custom_margin=\u201d||0px||false|false\u201d global_colors_info=\u201d{}\u201d]<\/p>\n<h2>Humidores<\/h2>\n<p>[\/et_pb_text][et_pb_button button_url=\u201dhttps:\/\/duyoscuba.com\/shop\u201d button_text=\u201dExplorar la colecci\u00f3n de humidores\u201d button_alignment=\u201dcenter\u201d _builder_version=\u201d4.27.2\u2033 _module_preset=\u201ddefault\u201d custom_button=\u201don\u201d button_text_size=\u201d14px\u201d button_text_color=\u201d#D3AA68\u2033 button_border_width=\u201d1px\u201d button_border_color=\u201d#D3AA68\u2033 button_border_radius=\u201d0px\u201d button_letter_spacing=\u201d1px\u201d button_font=\u201dMontserrat|600||on|||||\u201d button_use_icon=\u201doff\u201d custom_padding=\u201d12px|24px|12px|24px|true|true\u201d custom_padding_tablet=\u201d12px|24px|12px|24px|true|true\u201d custom_padding_phone=\u201d12px|24px|12px|24px|true|true\u201d custom_padding_last_edited=\u201don|phone\u201d custom_css_main_element=\u201dmax-width:80%;\u201d global_colors_info=\u201d{}\u201d button_text_color__hover=\u201d#FFFFFF\u201d button_text_color__hover_enabled=\u201don|hover\u201d button_bg_color__hover=\u201d#D3AA68\u2033 button_bg_color__hover_enabled=\u201don|hover\u201d][\/et_pb_button][\/et_pb_column][et_pb_column type=\u201d1_2\u2033 _builder_version=\u201d4.27.2\u2033 _module_preset=\u201ddefault\u201d background_color=\u201drgba(0,0,0,0.4)\u201d background_image=\u201dhttps:\/\/duyoscuba.com\/wp-content\/uploads\/2024\/12\/accesorios.jpeg\u201d background_position=\u201dbottom_center\u201d background_blend=\u201doverlay\u201d relleno_personalizado=\u201d100px||100px||verdadero|falso\u201d estilo_animaci\u00f3n=\u201ddesvanecimiento\u201d retardo_animaci\u00f3n=\u201d150ms\u201d ancho_border_todos=\u201d15px\u201d color_border_todos=\u201d#FFFFFF\u201d informaci\u00f3n_global_colors=\u201d{}\u201d][et_pb_text _builder_version=\u201d4.27.2\u2033 _module_preset=\u201dpredeterminado\u201d alineamiento_texto_encabezado_2=\u201dcentro\u201d color_texto_encabezado_2=\u201d#FFFFFF\u201d margen_personalizado=\u201d||0px||falso|falso\u201d informaci\u00f3n_global_colors=\u201d{}\u201d]<\/p>\n<h2>Accesorios<\/h2>\n<p>[\/et_pb_text][et_pb_button button_url=\u201dhttps:\/\/duyoscuba.com\/shop\u201d button_text=\u201dExplorar colecci\u00f3n de accesorios\u201d button_alignment=\u201dcenter\u201d _builder_version=\u201d4.27.2\u2033 _module_preset=\u201ddefault\u201d custom_button=\u201don\u201d button_text_size=\u201d14px\u201d button_text_color=\u201d#D3AA68\u2033 button_border_width=\u201d1px\u201d button_border_color=\u201d#D3AA68\u2033 button_border_radius=\u201d0px\u201d button_letter_spacing=\u201d1px\u201d button_font=\u201dMontserrat|600||on|||||\u201d icono_de_uso_del_bot\u00f3n=\u201ddesactivado\u201d relleno_personalizado=\u201d12px|24px|12px|24px|verdadero|verdadero\u201d elemento_principal_css_personalizado=\u201dancho-m\u00e1ximo:80%;\u201d Informaci\u00f3n global de colores = &quot;{}&quot; Color del texto del bot\u00f3n__hover = &quot;#FFFFFF&quot; Color del texto del bot\u00f3n__hover_enabled = &quot;al pasar el rat\u00f3n&quot; Color del fondo del bot\u00f3n__hover = &quot;#D3AA68&quot; Color del fondo del bot\u00f3n__hover_enabled = &quot;al pasar el rat\u00f3n&quot;][\/et_pb_button][\/et_pb_column][\/et_pb_row][\/et_pb_section][et_pb_section fb_built = &quot;1&quot; _builder_version = &quot;4.27.2&quot; _module_preset = &quot;predeterminado&quot; Informaci\u00f3n global de colores = &quot;{}&quot;][et_pb_row Estructura de la columna = &quot;3_5,2_5&quot; _builder_version = &quot;4.27.2&quot; _module_preset = &quot;predeterminado&quot; Informaci\u00f3n global de colores = &quot;{}&quot; custom_css_main_element_last_edited=\u201don|tablet\u201d custom_css_main_element_tablet=\u201ddisplay:flex;||flex-direction:column-reverse;\u201d custom_css_main_element_phone=\u201ddisplay:flex;||flex-direction:column-reverse;\u201d][et_pb_column type=\u201d3_5\u2033 _builder_version=\u201d4.27.2\u2033 _module_preset=\u201ddefault\u201d global_colors_info=\u201d{}\u201d][et_pb_text _builder_version=\u201d4.27.2\u2033 _module_preset=\u201ddefault\u201d header_4_font=\u201d|||on|||||\u201d color_del_texto_del_encabezado=\u201d#D3AA68\u2033 tama\u00f1o_de_fuente_del_encabezado=\u201d16px\u201d margen_personalizado=\u201d||10px||falso|falso\u201d estilo_de_animaci\u00f3n=\u201ddiapositiva\u201d direcci\u00f3n_de_animaci\u00f3n=\u201dderecha\u201d intensidad_de_animaci\u00f3n_diapositiva=\u201d5%\u201d informaci\u00f3n_de_colores_globales=\u201d{}\u201d]<\/p>\n<h4>Humidificadores de alta calidad<\/h4>\n<p>[\/et_pb_text][et_pb_text _builder_version=\u201d4.27.2\u2033 _module_preset=\u201ddefault\u201d custom_margin=\u201d||10px||false|false\u201d animation_style=\u201dfade\u201d global_colors_info=\u201d{}\u201d]<\/p>\n<h2>Variedad de humidores<\/h2>\n<p>En DUYOS, nos especializamos en la creaci\u00f3n y distribuci\u00f3n de humidores de la m\u00e1s alta calidad, dise\u00f1ados para ofrecer la mejor conservaci\u00f3n y cuidado para sus puros. Cada humidor es una obra maestra artesanal, elaborada con los mejores materiales y una excepcional atenci\u00f3n al detalle. Nos enorgullece ofrecer una variedad de dise\u00f1os que combinan funcionalidad, elegancia y refinamiento, garantizando que cada pieza cumpla con las expectativas de los m\u00e1s exigentes. En DUYOS, no solo encontrar\u00e1 humidores, sino una experiencia \u00fanica de calidad y tradici\u00f3n. URL del bot\u00f3n = \u201c@ET-DC@eyJkeW5hbWljIjp0cnVlLCJjb250ZW50IjoicG9zdF9saW5rX3VybF9wYWdlIiwic2V0dGluZ3MiOnsicG9zdF9pZCI6IjM1MSIsImVuYWJsZV9odG1sIjoib2ZmIn19@\u201d Texto del bot\u00f3n = \u201cAcerca de Duyos\u201d _versi\u00f3n del generador = \u201c4.27.2\u2033 _atributos din\u00e1micos = \u201cURL del bot\u00f3n\u201d _ajuste preestablecido del m\u00f3dulo = \u201cpredeterminado\u201d Bot\u00f3n personalizado = \u201cactivado\u201d Tama\u00f1o del texto del bot\u00f3n = \u201c14 px\u201d Color del texto del bot\u00f3n = \u201c#D3AA68\u2033 Ancho del borde del bot\u00f3n = \u201c1 px\u201d Color del borde del bot\u00f3n = \u201c#D3AA68\u2033 radio_del_borde_del_bot\u00f3n=\u201d0px\u201d espaciado_entre_letras_del_bot\u00f3n=\u201d1px\u201d fuente_del_bot\u00f3n=\u201dMontserrat|600||en|||||\u201d Icono_uso_bot\u00f3n=\u201ddesactivado\u201d relleno_personalizado=\u201d12px|24px|12px|24px|verdadero|verdadero\u201d estilo_animaci\u00f3n=\u201ddesvanecimiento\u201d retardo_animaci\u00f3n=\u201d450ms\u201d informaci\u00f3n_global_colores=\u201d{}\u201d color_texto_bot\u00f3n__hover=\u201d#FFFFFF\u201d color_texto_bot\u00f3n__hover_enabled=\u201dactivado|pasar el rat\u00f3n\u201d color_fondo_bot\u00f3n__hover=\u201d#D3AA68\u2033 color_fondo_bot\u00f3n__hover_enabled=\u201dactivado|pasar el rat\u00f3n\u201d][\/et_pb_button][\/et_pb_column][et_pb_column tipo=\u201d2_5\u2033 _builder_version=\u201d4.27.2\u2033 _module_preset=\u201dpredeterminado\u201d informaci\u00f3n_global_colores=\u201d{}\u201d][et_pb_image src=\u201dhttps:\/\/duyoscuba.com\/wp-content\/uploads\/2024\/12\/imagen-marco.png\u201d title_text=\u201dimagen-marco\u201d _builder_version=\u201d4.27.2\u2033 _module_preset=\u201ddefault\u201d custom_margin=\u201d||30px||false|false\u201d custom_padding_tablet=\u201d|20%||20%|false|true\u201d custom_padding_phone=\u201d|10%||10%|false|true\u201d custom_padding_last_edited=\u201don|phone\u201d animation_style=\u201dfade\u201d animation_delay=\u201d600ms\u201d global_colors_info=\u201d{}\u201d][\/et_pb_image][\/et_pb_column][\/et_pb_row][\/et_pb_section][et_pb_section fb_built=\u201d1\u2033 _builder_version=\u201d4.27.2\u2033 _module_preset=\u201dpredeterminado\u201d background_color=\u201d#F8F8F8\u2033 global_colors_info=\u201d{}\u201d][et_pb_row _builder_version=\u201d4.27.2\u2033 _module_preset=\u201dpredeterminado\u201d global_colors_info=\u201d{}\u201d][et_pb_column type=\u201d4_4\u2033 _builder_version=\u201d4.27.2\u2033 _module_preset=\u201dpredeterminado\u201d global_colors_info=\u201d{}\u201d][et_pb_text _builder_version=\u201d4.27.2\u2033 _module_preset=\u201dpredeterminado\u201d header_4_font=\u201d|||on|||||\u201d color_texto_encabezado_4=\u201d#D3AA68\u2033 tama\u00f1o_fuente_encabezado_4=\u201d16px\u201d orientaci\u00f3n_texto=\u201dcentro\u201d margen_personalizado=\u201d||10px||falso|falso\u201d estilo_animaci\u00f3n=\u201ddiapositiva\u201d direcci\u00f3n_animaci\u00f3n=\u201darriba\u201d intensidad_animaci\u00f3n_diapositiva=\u201d5%\u201d informaci\u00f3n_colores_globales=\u201d{}\u201d]<\/p>\n<h4>Perfecci\u00f3n y funcionalidad artesanal<\/h4>\n<p>[\/et_pb_text][et_pb_text _builder_version=\u201d4.27.2\u2033 _module_preset=\u201ddefault\u201d text_orientation=\u201dcenter\u201d custom_margin=\u201d||10px||false|false\u201d animation_style=\u201dfade\u201d global_colors_info=\u201d{}\u201d]<\/p>\n<h2>Refinamiento y elegancia en nuestros humidores<\/h2>\n<p>Cada uno de nuestros humidores es el resultado de un minucioso proceso artesanal, donde la perfecci\u00f3n se logra a trav\u00e9s del detalle y la dedicaci\u00f3n. Con un enfoque en el refinamiento, cada pieza refleja la calidad y el compromiso de nuestros expertos artesanos. _builder_version=\u201d4.27.2\u2033 _module_preset=\u201ddefault\u201d global_colors_info=\u201d{}\u201d][et_pb_gallery gallery_ids=\u201d627,628,629,630,599,594,601,592\u2033 posts_number=\u201d8\u2033 show_title_and_caption=\u201doff\u201d show_pagination=\u201doff\u201d module_class=\u201dpa-image-gallery-4-3\u2033 _builder_version=\u201d4.27.2\u2033 _module_preset=\u201ddefault\u201d global_colors_info=\u201d{}\u201d][\/et_pb_gallery][\/et_pb_column][\/et_pb_row][\/et_pb_section][et_pb_section fb_built=\u201d1\u2033 _builder_version=\u201d4.27.2\u2033 _module_preset=\u201dpredeterminado\u201d background_color=\u201drgba(0,0,0,0.3)\u201d background_image=\u201dhttps:\/\/duyoscuba.com\/wp-content\/uploads\/2024\/12\/sigar-bg.png\u201d background_position=\u201dtop_center\u201d background_blend=\u201doverlay\u201d global_colors_info=\u201d{}\u201d][et_pb_row _builder_version=\u201d4.27.2\u2033 _module_preset=\u201dpredeterminado\u201d global_colors_info=\u201d{}\u201d][et_pb_column type=\u201d4_4\u2033 _builder_version=\u201d4.27.2\u2033 _module_preset=\u201dpredeterminado\u201d global_colors_info=\u201d{}\u201d][et_pb_text _builder_version=\u201d4.27.2\u2033 _module_preset=\u201dpredeterminado\u201d color_del_texto_del_encabezado_2=\u201d#FFFFFF\u201d orientaci\u00f3n_del_texto=\u201dcentro\u201d estilo_de_animaci\u00f3n=\u201ddesvanecimiento\u201d informaci\u00f3n_de_colores_globales=\u201d{}\u201d]<\/p>\n<h2>Mejora tu experiencia con nuestros productos<\/h2>\n<p>[\/et_pb_text][et_pb_button URL del bot\u00f3n=\u201d@ET-DC@eyJkeW5hbWljIjp0cnVlLCJjb250ZW50IjoicG9zdF9saW5rX3VybF9wYWdlIiwic2V0dGluZ3MiOnsicG9zdF9pZCI6IjYxIiwiZW5hYmxlX2h0bWwiOiJvZmYifX0=@\u201d Texto del bot\u00f3n=\u201dM\u00c1S INFORMACI\u00d3N\u201d Alineaci\u00f3n del bot\u00f3n=\u201dCentrar\u201d _Versi\u00f3n del generador=\u201d4.27.2\u2033 _Atributos din\u00e1micos=\u201dURL del bot\u00f3n\u201d _Ajuste predefinido del m\u00f3dulo=\u201dPredeterminado\u201d Bot\u00f3n personalizado=\u201dActivado\u201d Tama\u00f1o del texto del bot\u00f3n=\u201d14px\u201d Color del texto del bot\u00f3n=\u201d#D3AA68\u2033 ancho del borde del bot\u00f3n=\u201d1px\u201d color del borde del bot\u00f3n=\u201d#D3AA68\u2033 radio del borde del bot\u00f3n=\u201d0px\u201d espaciado entre letras del bot\u00f3n=\u201d1px\u201d fuente del bot\u00f3n=\u201dMontserrat|600||on|||||\u201d Icono de uso del bot\u00f3n = \u00abdesactivado\u00bb Relleno personalizado = \u00ab12 px|24 px|12 px|24 px|verdadero\u00bb Estilo de animaci\u00f3n = \u00abdesvanecimiento\u00bb Retardo de animaci\u00f3n = \u00ab150 ms\u00bb Informaci\u00f3n global de colores = \u00ab{}\u00bb Color del texto del bot\u00f3n = \u00ab#FFFFFF\u00bb Color del texto del bot\u00f3n = \u00abactivado\u00bb Color del fondo del bot\u00f3n = \u00ab#D3AA68\u00bb Color del fondo del bot\u00f3n = \u00abactivado\u00bb][\/et_pb_button][\/et_pb_column][\/et_pb_row][\/et_pb_section]<\/p>","protected":false},"excerpt":{"rendered":"<p>Humidors and Accessories for True Connoisseurs We are specialists in high-quality handcrafted humidors and accessories. Discover our carefully crafted collection for true cigar lovers.HumidorsAccesoriesHigh quality humidorsVariety of HumidorsAt DUYOS, we specialize in the creation and distribution of the highest quality humidors, designed to offer the best conservation and care for your cigars. Each humidor is [&hellip;]<\/p>","protected":false},"author":1,"featured_media":0,"parent":0,"menu_order":0,"comment_status":"closed","ping_status":"closed","template":"","meta":{"_et_pb_use_builder":"on","_et_pb_old_content":"","_et_gb_content_width":"","footnotes":""},"class_list":["post-30","page","type-page","status-publish","hentry"],"yoast_head":"<!-- This site is optimized with the Yoast SEO plugin v24.4 - https:\/\/yoast.com\/wordpress\/plugins\/seo\/ -->\n<title>Duyos Humidors<\/title>\n<meta name=\"description\" content=\"We are specialists in high-quality handcrafted humidors and accessories. Discover our carefully crafted collection for true cigar lovers.\" \/>\n<meta name=\"robots\" content=\"index, follow, max-snippet:-1, max-image-preview:large, max-video-preview:-1\" \/>\n<link rel=\"canonical\" href=\"https:\/\/duyoscuba.com\/es\/\" \/>\n<meta property=\"og:locale\" content=\"es_ES\" \/>\n<meta property=\"og:type\" content=\"article\" \/>\n<meta property=\"og:title\" content=\"Duyos Humidors\" \/>\n<meta property=\"og:description\" content=\"We are specialists in high-quality handcrafted humidors and accessories. Discover our carefully crafted collection for true cigar lovers.\" \/>\n<meta property=\"og:url\" content=\"https:\/\/duyoscuba.com\/es\/\" \/>\n<meta property=\"og:site_name\" content=\"Duyos Humidors\" \/>\n<meta property=\"article:publisher\" content=\"https:\/\/www.facebook.com\/duyoshumidores\/\" \/>\n<meta property=\"article:modified_time\" content=\"2026-01-08T02:31:28+00:00\" \/>\n<meta name=\"twitter:card\" content=\"summary_large_image\" \/>\n<meta name=\"twitter:label1\" content=\"Tiempo de lectura\" \/>\n\t<meta name=\"twitter:data1\" content=\"2 minutos\" \/>\n<script type=\"application\/ld+json\" class=\"yoast-schema-graph\">{\"@context\":\"https:\/\/schema.org\",\"@graph\":[{\"@type\":\"WebPage\",\"@id\":\"https:\/\/duyoscuba.com\/\",\"url\":\"https:\/\/duyoscuba.com\/\",\"name\":\"Duyos Humidors\",\"isPartOf\":{\"@id\":\"https:\/\/duyoscuba.com\/#website\"},\"datePublished\":\"2024-12-05T04:45:06+00:00\",\"dateModified\":\"2026-01-08T02:31:28+00:00\",\"description\":\"We are specialists in high-quality handcrafted humidors and accessories. Discover our carefully crafted collection for true cigar lovers.\",\"breadcrumb\":{\"@id\":\"https:\/\/duyoscuba.com\/#breadcrumb\"},\"inLanguage\":\"es\",\"potentialAction\":[{\"@type\":\"ReadAction\",\"target\":[\"https:\/\/duyoscuba.com\/\"]}]},{\"@type\":\"BreadcrumbList\",\"@id\":\"https:\/\/duyoscuba.com\/#breadcrumb\",\"itemListElement\":[{\"@type\":\"ListItem\",\"position\":1,\"name\":\"Home\",\"item\":\"https:\/\/duyoscuba.com\/\"},{\"@type\":\"ListItem\",\"position\":2,\"name\":\"Home\"}]},{\"@type\":\"WebSite\",\"@id\":\"https:\/\/duyoscuba.com\/#website\",\"url\":\"https:\/\/duyoscuba.com\/\",\"name\":\"Duyos Humidors\",\"description\":\"Humidors and Accessories for True Connoisseurs\",\"publisher\":{\"@id\":\"https:\/\/duyoscuba.com\/#organization\"},\"potentialAction\":[{\"@type\":\"SearchAction\",\"target\":{\"@type\":\"EntryPoint\",\"urlTemplate\":\"https:\/\/duyoscuba.com\/?s={search_term_string}\"},\"query-input\":{\"@type\":\"PropertyValueSpecification\",\"valueRequired\":true,\"valueName\":\"search_term_string\"}}],\"inLanguage\":\"es\"},{\"@type\":\"Organization\",\"@id\":\"https:\/\/duyoscuba.com\/#organization\",\"name\":\"Duyos Humidors\",\"url\":\"https:\/\/duyoscuba.com\/\",\"logo\":{\"@type\":\"ImageObject\",\"inLanguage\":\"es\",\"@id\":\"https:\/\/duyoscuba.com\/#\/schema\/logo\/image\/\",\"url\":\"https:\/\/duyoscuba.com\/wp-content\/uploads\/2024\/12\/Logo_Duyos.png\",\"contentUrl\":\"https:\/\/duyoscuba.com\/wp-content\/uploads\/2024\/12\/Logo_Duyos.png\",\"width\":4566,\"height\":1464,\"caption\":\"Duyos Humidors\"},\"image\":{\"@id\":\"https:\/\/duyoscuba.com\/#\/schema\/logo\/image\/\"},\"sameAs\":[\"https:\/\/www.facebook.com\/duyoshumidores\/\",\"https:\/\/www.instagram.com\/duyos_humidors\/\"]}]}<\/script>\n<!-- \/ Yoast SEO plugin. -->","yoast_head_json":{"title":"Humidores Duyos","description":"Somos especialistas en humidores y accesorios artesanales de alta calidad. Descubra nuestra colecci\u00f3n cuidadosamente elaborada para los verdaderos amantes de los puros.","robots":{"index":"index","follow":"follow","max-snippet":"max-snippet:-1","max-image-preview":"max-image-preview:large","max-video-preview":"max-video-preview:-1"},"canonical":"https:\/\/duyoscuba.com\/es\/","og_locale":"es_ES","og_type":"article","og_title":"Duyos Humidors","og_description":"We are specialists in high-quality handcrafted humidors and accessories. Discover our carefully crafted collection for true cigar lovers.","og_url":"https:\/\/duyoscuba.com\/es\/","og_site_name":"Duyos Humidors","article_publisher":"https:\/\/www.facebook.com\/duyoshumidores\/","article_modified_time":"2026-01-08T02:31:28+00:00","twitter_card":"summary_large_image","twitter_misc":{"Tiempo de lectura":"2 minutos"},"schema":{"@context":"https:\/\/schema.org","@graph":[{"@type":"WebPage","@id":"https:\/\/duyoscuba.com\/","url":"https:\/\/duyoscuba.com\/","name":"Humidores Duyos","isPartOf":{"@id":"https:\/\/duyoscuba.com\/#website"},"datePublished":"2024-12-05T04:45:06+00:00","dateModified":"2026-01-08T02:31:28+00:00","description":"Somos especialistas en humidores y accesorios artesanales de alta calidad. Descubra nuestra colecci\u00f3n cuidadosamente elaborada para los verdaderos amantes de los puros.","breadcrumb":{"@id":"https:\/\/duyoscuba.com\/#breadcrumb"},"inLanguage":"es","potentialAction":[{"@type":"ReadAction","target":["https:\/\/duyoscuba.com\/"]}]},{"@type":"BreadcrumbList","@id":"https:\/\/duyoscuba.com\/#breadcrumb","itemListElement":[{"@type":"ListItem","position":1,"name":"Home","item":"https:\/\/duyoscuba.com\/"},{"@type":"ListItem","position":2,"name":"Home"}]},{"@type":"WebSite","@id":"https:\/\/duyoscuba.com\/#website","url":"https:\/\/duyoscuba.com\/","name":"Humidores Duyos","description":"Humidores y accesorios para verdaderos conocedores","publisher":{"@id":"https:\/\/duyoscuba.com\/#organization"},"potentialAction":[{"@type":"SearchAction","target":{"@type":"EntryPoint","urlTemplate":"https:\/\/duyoscuba.com\/?s={search_term_string}"},"query-input":{"@type":"PropertyValueSpecification","valueRequired":true,"valueName":"search_term_string"}}],"inLanguage":"es"},{"@type":"Organization","@id":"https:\/\/duyoscuba.com\/#organization","name":"Humidores Duyos","url":"https:\/\/duyoscuba.com\/","logo":{"@type":"ImageObject","inLanguage":"es","@id":"https:\/\/duyoscuba.com\/#\/schema\/logo\/image\/","url":"https:\/\/duyoscuba.com\/wp-content\/uploads\/2024\/12\/Logo_Duyos.png","contentUrl":"https:\/\/duyoscuba.com\/wp-content\/uploads\/2024\/12\/Logo_Duyos.png","width":4566,"height":1464,"caption":"Duyos Humidors"},"image":{"@id":"https:\/\/duyoscuba.com\/#\/schema\/logo\/image\/"},"sameAs":["https:\/\/www.facebook.com\/duyoshumidores\/","https:\/\/www.instagram.com\/duyos_humidors\/"]}]}},"_links":{"self":[{"href":"https:\/\/duyoscuba.com\/es\/wp-json\/wp\/v2\/pages\/30","targetHints":{"allow":["GET"]}}],"collection":[{"href":"https:\/\/duyoscuba.com\/es\/wp-json\/wp\/v2\/pages"}],"about":[{"href":"https:\/\/duyoscuba.com\/es\/wp-json\/wp\/v2\/types\/page"}],"author":[{"embeddable":true,"href":"https:\/\/duyoscuba.com\/es\/wp-json\/wp\/v2\/users\/1"}],"replies":[{"embeddable":true,"href":"https:\/\/duyoscuba.com\/es\/wp-json\/wp\/v2\/comments?post=30"}],"version-history":[{"count":58,"href":"https:\/\/duyoscuba.com\/es\/wp-json\/wp\/v2\/pages\/30\/revisions"}],"predecessor-version":[{"id":687,"href":"https:\/\/duyoscuba.com\/es\/wp-json\/wp\/v2\/pages\/30\/revisions\/687"}],"wp:attachment":[{"href":"https:\/\/duyoscuba.com\/es\/wp-json\/wp\/v2\/media?parent=30"}],"curies":[{"name":"wp","href":"https:\/\/api.w.org\/{rel}","templated":true}]}}